{"id":2225,"date":"2023-09-25T12:01:03","date_gmt":"2023-09-25T12:01:03","guid":{"rendered":"https:\/\/justiceprobono.mywhc.ca\/refugee-claimants\/"},"modified":"2024-04-05T11:23:08","modified_gmt":"2024-04-05T11:23:08","slug":"refugee-claimants","status":"publish","type":"page","link":"https:\/\/justiceprobono.ca\/en\/refugee-claimants\/","title":{"rendered":"Refugee claimants"},"content":{"rendered":"<p>[et_pb_section fb_built=&#8221;1&#8243; specialty=&#8221;on&#8221; custom_padding_last_edited=&#8221;on|phone&#8221; module_class=&#8221;hero-style&#8221; _builder_version=&#8221;4.24.0&#8243; _module_preset=&#8221;default&#8221; background_color=&#8221;#ffda93&#8243; background_image=&#8221;http:\/\/justiceprobono.ca\/wp-content\/uploads\/2023\/09\/hero-demandeurs-asile.png&#8221; background_size=&#8221;custom&#8221; background_image_width=&#8221;8%&#8221; background_position=&#8221;top_right&#8221; background_horizontal_offset=&#8221;2%&#8221; background_vertical_offset=&#8221;23%&#8221; custom_padding=&#8221;||0px||false|false&#8221; custom_padding_tablet=&#8221;||0vh||false|false&#8221; custom_padding_phone=&#8221;3vh||0vh||false|false&#8221; hover_enabled=&#8221;0&#8243; background_last_edited=&#8221;on|phone&#8221; background_image_width_tablet=&#8221;12%&#8221; background_image_width_phone=&#8221;12%&#8221; background_position_phone=&#8221;top_right&#8221; background_horizontal_offset_tablet=&#8221;0%&#8221; background_vertical_offset_tablet=&#8221;0%&#8221; background_vertical_offset_phone=&#8221;0%&#8221; locked=&#8221;off&#8221; global_colors_info=&#8221;{}&#8221; sticky_enabled=&#8221;0&#8243;][et_pb_column type=&#8221;1_3&#8243; _builder_version=&#8221;4.16&#8243; custom_padding=&#8221;|||&#8221; global_colors_info=&#8221;{}&#8221; custom_padding__hover=&#8221;|||&#8221;][et_pb_text disabled_on=&#8221;on|on|off&#8221; _builder_version=&#8221;4.23.4&#8243; _module_preset=&#8221;default&#8221; text_font=&#8221;|800|||||||&#8221; text_text_color=&#8221;#004784&#8243; text_font_size=&#8221;18px&#8221; header_font=&#8221;|700|||||||&#8221; header_text_color=&#8221;#004784&#8243; background_color=&#8221;rgba(255,255,255,0.61)&#8221; width=&#8221;300px&#8221; width_tablet=&#8221;80%&#8221; width_phone=&#8221;80%&#8221; width_last_edited=&#8221;off|desktop&#8221; min_height_tablet=&#8221;&#8221; min_height_phone=&#8221;&#8221; min_height_last_edited=&#8221;on|tablet&#8221; custom_margin=&#8221;0px||0px||false|false&#8221; custom_padding=&#8221;19px|20px|0px|20px|false|true&#8221; custom_padding_tablet=&#8221;20px|20px|20px|20px|true|true&#8221; custom_padding_phone=&#8221;20px|20px|20px|20px|true|true&#8221; custom_padding_last_edited=&#8221;on|tablet&#8221; global_module=&#8221;377&#8243; saved_tabs=&#8221;all&#8221; global_colors_info=&#8221;{}&#8221; custom_css_main_element_last_edited=&#8221;off|phone&#8221; custom_css_main_element_tablet=&#8221;display:inline-block;&#8221; custom_css_main_element_phone=&#8221;display:inline-block;&#8221;]<\/p>\n<p>Nos programmes<\/p>\n<p>[\/et_pb_text][et_pb_menu menu_id=&#8221;10&#8243; active_link_color=&#8221;#004784&#8243; dropdown_menu_line_color=&#8221;#004784&#8243; dropdown_menu_active_link_color=&#8221;#00847D&#8221; menu_icon_color=&#8221;#004784&#8243; active_link_color_tablet=&#8221;#F08F95&#8243; active_link_color_phone=&#8221;#F08F95&#8243; active_link_color_last_edited=&#8221;on|tablet&#8221; mobile_menu_bg_color_tablet=&#8221;#ffffff&#8221; mobile_menu_bg_color_phone=&#8221;#ffffff&#8221; mobile_menu_bg_color_last_edited=&#8221;on|tablet&#8221; disabled_on=&#8221;on|on|off&#8221; module_id=&#8221;menu-projets&#8221; module_class=&#8221;menu-projets-anglais&#8221; _builder_version=&#8221;4.24.0&#8243; _module_preset=&#8221;default&#8221; menu_font=&#8221;||||||||&#8221; menu_text_color=&#8221;#004784&#8243; menu_line_height=&#8221;1.1em&#8221; background_color=&#8221;rgba(255,255,255,0.61)&#8221; width=&#8221;300px&#8221; width_tablet=&#8221;100%&#8221; width_phone=&#8221;100%&#8221; width_last_edited=&#8221;on|phone&#8221; height_last_edited=&#8221;off|tablet&#8221; custom_margin=&#8221;||||false|false&#8221; custom_margin_tablet=&#8221;0px|0px|0px||false|false&#8221; custom_margin_phone=&#8221;0px|0px|0px||false|false&#8221; custom_margin_last_edited=&#8221;on|tablet&#8221; custom_padding=&#8221;10px|20px|20px|20px|false|false&#8221; custom_padding_tablet=&#8221;20px|0px|20px|0px|true|false&#8221; custom_padding_phone=&#8221;10px|0px|10px|0px|true|false&#8221; custom_padding_last_edited=&#8221;on|tablet&#8221; menu_line_height_tablet=&#8221;2.1em&#8221; menu_line_height_phone=&#8221;1.7em&#8221; menu_line_height_last_edited=&#8221;on|desktop&#8221; background_color_phone=&#8221;rgba(255,255,255,0.82)&#8221; background_last_edited=&#8221;on|phone&#8221; background_enable_color_phone=&#8221;on&#8221; custom_css_menu_link=&#8221;padding:5% 0 5% 0 ;&#8221; custom_css_active_menu_link=&#8221;\t\t&#8221; global_module=&#8221;376&#8243; saved_tabs=&#8221;all&#8221; locked=&#8221;off&#8221; global_colors_info=&#8221;{}&#8221; custom_css_main_element_last_edited=&#8221;off|desktop&#8221; custom_css_main_element_tablet=&#8221;display:inline-block;&#8221; custom_css_main_element_phone=&#8221;display:inline-block;&#8221;][\/et_pb_menu][\/et_pb_column][et_pb_column type=&#8221;2_3&#8243; specialty_columns=&#8221;2&#8243; _builder_version=&#8221;4.16&#8243; custom_padding=&#8221;|||&#8221; global_colors_info=&#8221;{}&#8221; custom_padding__hover=&#8221;|||&#8221;][et_pb_row_inner _builder_version=&#8221;4.22.1&#8243; _module_preset=&#8221;default&#8221; global_colors_info=&#8221;{}&#8221;][et_pb_column_inner saved_specialty_column_type=&#8221;2_3&#8243; _builder_version=&#8221;4.22.1&#8243; _module_preset=&#8221;default&#8221; global_colors_info=&#8221;{}&#8221;][et_pb_text _builder_version=&#8221;4.22.2&#8243; _module_preset=&#8221;0d3a8bee-325a-42fa-a8e7-0d44e97f6db6&#8243; global_colors_info=&#8221;{}&#8221;]<\/p>\n<h1>Refugee claimants<\/h1>\n<p>[\/et_pb_text][et_pb_text _builder_version=&#8221;4.22.1&#8243; _module_preset=&#8221;29adeaca-db3d-413e-b87d-d28d7df47cb2&#8243; global_colors_info=&#8221;{}&#8221;]<\/p>\n<p>Are you a refugee claimant living in Qu\u00e9bec who would like assistance in completing the online form required by Immigration, Refugees and Citizenship Canada?<\/p>\n<p>[\/et_pb_text][\/et_pb_column_inner][\/et_pb_row_inner][et_pb_row_inner column_structure=&#8221;1_2,1_2&#8243; use_custom_gutter=&#8221;on&#8221; gutter_width=&#8221;2&#8243; _builder_version=&#8221;4.24.0&#8243; _module_preset=&#8221;default&#8221; global_colors_info=&#8221;{}&#8221;][et_pb_column_inner type=&#8221;1_2&#8243; saved_specialty_column_type=&#8221;2_3&#8243; _builder_version=&#8221;4.22.1&#8243; _module_preset=&#8221;default&#8221; global_colors_info=&#8221;{}&#8221;][et_pb_button button_url=&#8221;#section-info&#8221; url_new_window=&#8221;on&#8221; button_text=&#8221;I am looking for assistance&#8221; button_alignment=&#8221;center&#8221; _builder_version=&#8221;4.24.0&#8243; _module_preset=&#8221;default&#8221; custom_button=&#8221;on&#8221; button_text_size=&#8221;14px&#8221; button_text_color=&#8221;#004784&#8243; button_bg_color=&#8221;#ffffff&#8221; button_border_width=&#8221;10px&#8221; button_border_color=&#8221;#FFDA93&#8243; button_border_radius=&#8221;8px&#8221; button_font=&#8221;|600|||||||&#8221; button_use_icon=&#8221;off&#8221; custom_padding=&#8221;12px|20px|12px|20px|true|true&#8221; custom_css_main_element=&#8221;width:100%;||text-align:center;&#8221; box_shadow_style=&#8221;preset2&#8243; box_shadow_vertical=&#8221;5px&#8221; box_shadow_color=&#8221;rgba(155,94,0,0.47)&#8221; global_module=&#8221;606&#8243; saved_tabs=&#8221;all&#8221; global_colors_info=&#8221;{}&#8221; button_text_size__hover_enabled=&#8221;on|hover&#8221; button_text_size__hover=&#8221;16px&#8221;][\/et_pb_button][\/et_pb_column_inner][et_pb_column_inner type=&#8221;1_2&#8243; saved_specialty_column_type=&#8221;2_3&#8243; disabled_on=&#8221;off|off|off&#8221; _builder_version=&#8221;4.24.0&#8243; _module_preset=&#8221;default&#8221; global_colors_info=&#8221;{}&#8221;][et_pb_button button_url=&#8221;@ET-DC@eyJkeW5hbWljIjp0cnVlLCJjb250ZW50IjoicG9zdF9saW5rX3VybF9wYWdlIiwic2V0dGluZ3MiOnsicG9zdF9pZCI6IjE1OTQiLCJlbmFibGVfaHRtbCI6Im9mZiJ9fQ==@&#8221; button_text=&#8221;I want to get involved&#8221; button_alignment=&#8221;center&#8221; _builder_version=&#8221;4.23.4&#8243; _dynamic_attributes=&#8221;button_url&#8221; _module_preset=&#8221;default&#8221; custom_button=&#8221;on&#8221; button_text_size=&#8221;14px&#8221; button_text_color=&#8221;#004784&#8243; button_bg_color=&#8221;#ffffff&#8221; button_border_width=&#8221;10px&#8221; button_border_color=&#8221;#00847d&#8221; button_border_radius=&#8221;8px&#8221; button_font=&#8221;|600|||||||&#8221; button_use_icon=&#8221;off&#8221; custom_padding=&#8221;12px|20px|12px|20px|true|true&#8221; button_text_size_last_edited=&#8221;off|desktop&#8221; custom_css_main_element=&#8221;width:100%;||text-align:center;&#8221; box_shadow_style=&#8221;preset2&#8243; box_shadow_vertical=&#8221;5px&#8221; box_shadow_color=&#8221;rgba(0,74,0,0.3)&#8221; global_module=&#8221;607&#8243; saved_tabs=&#8221;all&#8221; locked=&#8221;off&#8221; global_colors_info=&#8221;{}&#8221; button_text_size__hover_enabled=&#8221;on|desktop&#8221; button_text_size__hover=&#8221;15px&#8221;][\/et_pb_button][\/et_pb_column_inner][\/et_pb_row_inner][\/et_pb_column][\/et_pb_section][et_pb_section fb_built=&#8221;1&#8243; _builder_version=&#8221;4.23.4&#8243; _module_preset=&#8221;default&#8221; background_color=&#8221;#FFDA93&#8243; background_image=&#8221;http:\/\/justiceprobono.mywhc.ca\/wp-content\/uploads\/2024\/01\/vague-demandeur-asile.svg&#8221; vertical_offset=&#8221;0px&#8221; min_height=&#8221;200px&#8221; min_height_tablet=&#8221;200px&#8221; min_height_phone=&#8221;200px&#8221; min_height_last_edited=&#8221;on|phone&#8221; custom_margin=&#8221;0px||0px||false|false&#8221; custom_padding=&#8221;0px||0px||false|false&#8221; locked=&#8221;off&#8221; global_colors_info=&#8221;{}&#8221;][\/et_pb_section][et_pb_section fb_built=&#8221;1&#8243; custom_padding_last_edited=&#8221;on|phone&#8221; module_id=&#8221;section-info&#8221; _builder_version=&#8221;4.24.0&#8243; _module_preset=&#8221;default&#8221; z_index=&#8221;68&#8243; custom_margin=&#8221;-20px||||false|false&#8221; custom_margin_tablet=&#8221;-20px||||false|false&#8221; custom_margin_phone=&#8221;-58px||95px||false|false&#8221; custom_margin_last_edited=&#8221;on|phone&#8221; custom_padding=&#8221;0px||10vh||false|false&#8221; custom_padding_tablet=&#8221;0px||10vh||false|false&#8221; custom_padding_phone=&#8221;||8vh||false|false&#8221; global_colors_info=&#8221;{}&#8221;][et_pb_row _builder_version=&#8221;4.23.4&#8243; _module_preset=&#8221;default&#8221; max_width=&#8221;900px&#8221; custom_margin=&#8221;0px||||false|false&#8221; custom_padding=&#8221;0px||||false|false&#8221; global_colors_info=&#8221;{}&#8221;][et_pb_column type=&#8221;4_4&#8243; _builder_version=&#8221;4.22.1&#8243; _module_preset=&#8221;default&#8221; global_colors_info=&#8221;{}&#8221;][et_pb_text _builder_version=&#8221;4.22.2&#8243; _module_preset=&#8221;default&#8221; global_colors_info=&#8221;{}&#8221;]<\/p>\n<p>Volunteer lawyers can help you with this process. No appointment is needed for a meeting. They are held <strong>every Tuesday from 1 p.m. to 4 p.m.<\/strong><\/p>\n<p>You must go to the offices of <strong>SIARI<\/strong> at the following address:<br \/>6767 C\u00f4te-des-Neiges Road de la C\u00f4te-des-Neiges, Montr\u00e9al, (QC) H3S 2T6. <\/p>\n<p>After a meeting and depending on your eligibility, you will be referred to the legal aid services of Aide juridique de Montr\u00e9al, whose lawyers will conduct a review of the information entered on the portal and see to your legal representation.<\/p>\n<p>[\/et_pb_text][et_pb_image src=&#8221;data:image\/svg+xml;base64,PHN2ZyB3aWR0aD0iMTA4MCIgaGVpZ2h0PSI1NDAiIHZpZXdCb3g9IjAgMCAxMDgwIDU0MCIgeG1sbnM9Imh0dHA6Ly93d3cudzMub3JnLzIwMDAvc3ZnIj4KICAgIDxnIGZpbGw9Im5vbmUiIGZpbGwtcnVsZT0iZXZlbm9kZCI+CiAgICAgICAgPHBhdGggZmlsbD0iI0VCRUJFQiIgZD0iTTAgMGgxMDgwdjU0MEgweiIvPgogICAgICAgIDxwYXRoIGQ9Ik00NDUuNjQ5IDU0MGgtOTguOTk1TDE0NC42NDkgMzM3Ljk5NSAwIDQ4Mi42NDR2LTk4Ljk5NWwxMTYuMzY1LTExNi4zNjVjMTUuNjItMTUuNjIgNDAuOTQ3LTE1LjYyIDU2LjU2OCAwTDQ0NS42NSA1NDB6IiBmaWxsLW9wYWNpdHk9Ii4xIiBmaWxsPSIjMDAwIiBmaWxsLXJ1bGU9Im5vbnplcm8iLz4KICAgICAgICA8Y2lyY2xlIGZpbGwtb3BhY2l0eT0iLjA1IiBmaWxsPSIjMDAwIiBjeD0iMzMxIiBjeT0iMTQ4IiByPSI3MCIvPgogICAgICAgIDxwYXRoIGQ9Ik0xMDgwIDM3OXYxMTMuMTM3TDcyOC4xNjIgMTQwLjMgMzI4LjQ2MiA1NDBIMjE1LjMyNEw2OTkuODc4IDU1LjQ0NmMxNS42Mi0xNS42MiA0MC45NDgtMTUuNjIgNTYuNTY4IDBMMTA4MCAzNzl6IiBmaWxsLW9wYWNpdHk9Ii4yIiBmaWxsPSIjMDAwIiBmaWxsLXJ1bGU9Im5vbnplcm8iLz4KICAgIDwvZz4KPC9zdmc+Cg==&#8221; disabled_on=&#8221;on|on|on&#8221; _builder_version=&#8221;4.22.1&#8243; _module_preset=&#8221;default&#8221; disabled=&#8221;on&#8221; global_colors_info=&#8221;{}&#8221;][\/et_pb_image][\/et_pb_column][\/et_pb_row][et_pb_row disabled_on=&#8221;off|off|off&#8221; _builder_version=&#8221;4.22.2&#8243; _module_preset=&#8221;default&#8221; background_color=&#8221;#FFDA93&#8243; max_width=&#8221;900px&#8221; custom_margin=&#8221;50px||||false|false&#8221; custom_padding=&#8221;40px|40px|40px|40px|true|true&#8221; disabled=&#8221;on&#8221; saved_tabs=&#8221;all&#8221; locked=&#8221;off&#8221; global_colors_info=&#8221;{}&#8221;][et_pb_column type=&#8221;4_4&#8243; _builder_version=&#8221;4.22.1&#8243; _module_preset=&#8221;default&#8221; global_colors_info=&#8221;{}&#8221;][et_pb_text _builder_version=&#8221;4.22.2&#8243; _module_preset=&#8221;default&#8221; text_font_size=&#8221;23px&#8221; global_colors_info=&#8221;{}&#8221;]<\/p>\n<p>Thank you to our valued partners<\/p>\n<p>[\/et_pb_text][et_pb_text _builder_version=&#8221;4.24.0&#8243; _module_preset=&#8221;default&#8221; text_font_size=&#8221;15px&#8221; global_colors_info=&#8221;{}&#8221;]<\/p>\n<p><strong>SIARI, Aide juridique de Montr\u00e9al, National Bank of Canada.<\/strong><\/p>\n<p>[\/et_pb_text][\/et_pb_column][\/et_pb_row][\/et_pb_section]<\/p>\n","protected":false},"excerpt":{"rendered":"<p>Nos programmes Refugee claimantsAre you a refugee claimant living in Qu\u00e9bec who would like assistance in completing the online form required by Immigration, Refugees and Citizenship Canada?Volunteer lawyers can help you with this process. No appointment is needed for a meeting. They are held every Tuesday from 1 p.m. to 4 p.m. You must go [&hellip;]<\/p>\n","protected":false},"author":1,"featured_media":0,"parent":0,"menu_order":0,"comment_status":"closed","ping_status":"closed","template":"","meta":{"_et_pb_use_builder":"on","_et_pb_old_content":"","_et_gb_content_width":"","inline_featured_image":false,"footnotes":""},"_links":{"self":[{"href":"https:\/\/justiceprobono.ca\/en\/wp-json\/wp\/v2\/pages\/2225"}],"collection":[{"href":"https:\/\/justiceprobono.ca\/en\/wp-json\/wp\/v2\/pages"}],"about":[{"href":"https:\/\/justiceprobono.ca\/en\/wp-json\/wp\/v2\/types\/page"}],"author":[{"embeddable":true,"href":"https:\/\/justiceprobono.ca\/en\/wp-json\/wp\/v2\/users\/1"}],"replies":[{"embeddable":true,"href":"https:\/\/justiceprobono.ca\/en\/wp-json\/wp\/v2\/comments?post=2225"}],"version-history":[{"count":56,"href":"https:\/\/justiceprobono.ca\/en\/wp-json\/wp\/v2\/pages\/2225\/revisions"}],"predecessor-version":[{"id":3923,"href":"https:\/\/justiceprobono.ca\/en\/wp-json\/wp\/v2\/pages\/2225\/revisions\/3923"}],"wp:attachment":[{"href":"https:\/\/justiceprobono.ca\/en\/wp-json\/wp\/v2\/media?parent=2225"}],"curies":[{"name":"wp","href":"https:\/\/api.w.org\/{rel}","templated":true}]}}