{"id":2230,"date":"2023-09-25T17:53:30","date_gmt":"2023-09-25T17:53:30","guid":{"rendered":"https:\/\/justiceprobono.mywhc.ca\/temporary-foreign-workers\/"},"modified":"2025-04-22T16:28:45","modified_gmt":"2025-04-22T16:28:45","slug":"temporary-foreign-workers","status":"publish","type":"page","link":"https:\/\/justiceprobono.ca\/en\/temporary-foreign-workers\/","title":{"rendered":"Temporary foreign workers"},"content":{"rendered":"<p>[et_pb_section fb_built=&#8221;1&#8243; specialty=&#8221;on&#8221; custom_padding_last_edited=&#8221;on|phone&#8221; module_class=&#8221;hero-style&#8221; _builder_version=&#8221;4.24.0&#8243; _module_preset=&#8221;default&#8221; background_color=&#8221;#95dacf&#8221; background_image=&#8221;http:\/\/justiceprobono.ca\/wp-content\/uploads\/2023\/09\/hero-tet.png&#8221; background_size=&#8221;custom&#8221; background_image_width=&#8221;13%&#8221; background_position=&#8221;top_right&#8221; background_horizontal_offset=&#8221;2%&#8221; background_vertical_offset=&#8221;19%&#8221; custom_padding=&#8221;||1%||false|false&#8221; custom_padding_tablet=&#8221;||1%||false|false&#8221; custom_padding_phone=&#8221;3vh||1%||false|false&#8221; background_last_edited=&#8221;on|phone&#8221; background_image_width_phone=&#8221;20%&#8221; background_position_phone=&#8221;top_right&#8221; background_horizontal_offset_tablet=&#8221;0%&#8221; background_horizontal_offset_phone=&#8221;0%&#8221; background_vertical_offset_tablet=&#8221;0%&#8221; background_vertical_offset_phone=&#8221;0%&#8221; locked=&#8221;off&#8221; global_colors_info=&#8221;{}&#8221;][et_pb_column type=&#8221;1_3&#8243; _builder_version=&#8221;4.16&#8243; custom_padding=&#8221;|||&#8221; global_colors_info=&#8221;{}&#8221; custom_padding__hover=&#8221;|||&#8221;][et_pb_text disabled_on=&#8221;on|on|off&#8221; _builder_version=&#8221;4.23.4&#8243; _module_preset=&#8221;default&#8221; text_font=&#8221;|800|||||||&#8221; text_text_color=&#8221;#004784&#8243; text_font_size=&#8221;18px&#8221; header_font=&#8221;|700|||||||&#8221; header_text_color=&#8221;#004784&#8243; background_color=&#8221;rgba(255,255,255,0.61)&#8221; width=&#8221;300px&#8221; width_tablet=&#8221;80%&#8221; width_phone=&#8221;80%&#8221; width_last_edited=&#8221;off|desktop&#8221; min_height_tablet=&#8221;&#8221; min_height_phone=&#8221;&#8221; min_height_last_edited=&#8221;on|tablet&#8221; custom_margin=&#8221;0px||0px||false|false&#8221; custom_padding=&#8221;19px|20px|0px|20px|false|true&#8221; custom_padding_tablet=&#8221;20px|20px|20px|20px|true|true&#8221; custom_padding_phone=&#8221;20px|20px|20px|20px|true|true&#8221; custom_padding_last_edited=&#8221;on|tablet&#8221; global_module=&#8221;377&#8243; saved_tabs=&#8221;all&#8221; global_colors_info=&#8221;{}&#8221; custom_css_main_element_last_edited=&#8221;off|phone&#8221; custom_css_main_element_tablet=&#8221;display:inline-block;&#8221; custom_css_main_element_phone=&#8221;display:inline-block;&#8221;]<\/p>\n<p>Our programs<\/p>\n<p>[\/et_pb_text][et_pb_menu menu_id=&#8221;10&#8243; active_link_color=&#8221;#004784&#8243; dropdown_menu_line_color=&#8221;#004784&#8243; dropdown_menu_active_link_color=&#8221;#00847D&#8221; menu_icon_color=&#8221;#004784&#8243; active_link_color_tablet=&#8221;#F08F95&#8243; active_link_color_phone=&#8221;#F08F95&#8243; active_link_color_last_edited=&#8221;on|tablet&#8221; mobile_menu_bg_color_tablet=&#8221;#ffffff&#8221; mobile_menu_bg_color_phone=&#8221;#ffffff&#8221; mobile_menu_bg_color_last_edited=&#8221;on|tablet&#8221; disabled_on=&#8221;on|on|off&#8221; module_id=&#8221;menu-projets&#8221; module_class=&#8221;menu-projets-anglais&#8221; _builder_version=&#8221;4.24.0&#8243; _module_preset=&#8221;default&#8221; menu_font=&#8221;||||||||&#8221; menu_text_color=&#8221;#004784&#8243; menu_line_height=&#8221;1.1em&#8221; background_color=&#8221;rgba(255,255,255,0.61)&#8221; width=&#8221;300px&#8221; width_tablet=&#8221;100%&#8221; width_phone=&#8221;100%&#8221; width_last_edited=&#8221;on|phone&#8221; height_last_edited=&#8221;off|desktop&#8221; custom_margin=&#8221;||||false|false&#8221; custom_margin_tablet=&#8221;0px|0px|0px||false|false&#8221; custom_margin_phone=&#8221;0px|0px|0px||false|false&#8221; custom_margin_last_edited=&#8221;on|tablet&#8221; custom_padding=&#8221;10px|20px|20px|20px|false|false&#8221; custom_padding_tablet=&#8221;20px|0px|20px|0px|true|false&#8221; custom_padding_phone=&#8221;10px|0px|10px|0px|true|false&#8221; custom_padding_last_edited=&#8221;on|tablet&#8221; menu_line_height_tablet=&#8221;2.1em&#8221; menu_line_height_phone=&#8221;1.7em&#8221; menu_line_height_last_edited=&#8221;on|desktop&#8221; background_color_phone=&#8221;rgba(255,255,255,0.82)&#8221; background_last_edited=&#8221;on|phone&#8221; background_enable_color_phone=&#8221;on&#8221; custom_css_menu_link=&#8221;padding:5% 0 5% 0 ;&#8221; custom_css_active_menu_link=&#8221;  &#8221; global_module=&#8221;376&#8243; saved_tabs=&#8221;all&#8221; locked=&#8221;off&#8221; global_colors_info=&#8221;{}&#8221; custom_css_main_element_last_edited=&#8221;off|desktop&#8221; custom_css_main_element_tablet=&#8221;display:inline-block;&#8221; custom_css_main_element_phone=&#8221;display:inline-block;&#8221;][\/et_pb_menu][\/et_pb_column][et_pb_column type=&#8221;2_3&#8243; specialty_columns=&#8221;2&#8243; _builder_version=&#8221;4.16&#8243; custom_padding=&#8221;|||&#8221; global_colors_info=&#8221;{}&#8221; custom_padding__hover=&#8221;|||&#8221;][et_pb_row_inner _builder_version=&#8221;4.22.2&#8243; _module_preset=&#8221;default&#8221; custom_margin=&#8221;||0px||false|false&#8221; custom_padding=&#8221;||0px||false|false&#8221; global_colors_info=&#8221;{}&#8221;][et_pb_column_inner saved_specialty_column_type=&#8221;2_3&#8243; _builder_version=&#8221;4.22.1&#8243; _module_preset=&#8221;default&#8221; global_colors_info=&#8221;{}&#8221;][et_pb_text _builder_version=&#8221;4.22.2&#8243; _module_preset=&#8221;0d3a8bee-325a-42fa-a8e7-0d44e97f6db6&#8243; global_colors_info=&#8221;{}&#8221;]<\/p>\n<h1>Temporary foreign workers<\/h1>\n<p>[\/et_pb_text][et_pb_text _builder_version=&#8221;4.23.4&#8243; _module_preset=&#8221;29adeaca-db3d-413e-b87d-d28d7df47cb2&#8243; width=&#8221;600px&#8221; global_colors_info=&#8221;{}&#8221;]<\/p>\n<p>Are you a temporary foreign worker (TFW) and the holder of a closed work permit? Would you like to know more about your rights and obtain legal information? <\/p>\n<p>[\/et_pb_text][\/et_pb_column_inner][\/et_pb_row_inner][et_pb_row_inner column_structure=&#8221;1_2,1_2&#8243; use_custom_gutter=&#8221;on&#8221; gutter_width=&#8221;2&#8243; _builder_version=&#8221;4.24.0&#8243; _module_preset=&#8221;default&#8221; global_colors_info=&#8221;{}&#8221;][et_pb_column_inner type=&#8221;1_2&#8243; saved_specialty_column_type=&#8221;2_3&#8243; _builder_version=&#8221;4.22.1&#8243; _module_preset=&#8221;default&#8221; global_colors_info=&#8221;{}&#8221;][et_pb_button button_url=&#8221;https:\/\/form.jotform.com\/250496389452266&#8243; url_new_window=&#8221;on&#8221; button_text=&#8221;I am looking for assistance&#8221; button_alignment=&#8221;center&#8221; _builder_version=&#8221;4.24.0&#8243; _module_preset=&#8221;default&#8221; custom_button=&#8221;on&#8221; button_text_size=&#8221;14px&#8221; button_text_color=&#8221;#004784&#8243; button_bg_color=&#8221;#ffffff&#8221; button_border_width=&#8221;10px&#8221; button_border_color=&#8221;#FFDA93&#8243; button_border_radius=&#8221;8px&#8221; button_font=&#8221;|600|||||||&#8221; button_use_icon=&#8221;off&#8221; custom_padding=&#8221;12px|20px|12px|20px|true|true&#8221; custom_css_main_element=&#8221;width:100%;||text-align:center;&#8221; box_shadow_style=&#8221;preset2&#8243; box_shadow_vertical=&#8221;5px&#8221; box_shadow_color=&#8221;rgba(155,94,0,0.47)&#8221; saved_tabs=&#8221;all&#8221; global_colors_info=&#8221;{}&#8221; button_text_size__hover_enabled=&#8221;on|hover&#8221; button_text_size__hover=&#8221;16px&#8221;][\/et_pb_button][\/et_pb_column_inner][et_pb_column_inner type=&#8221;1_2&#8243; saved_specialty_column_type=&#8221;2_3&#8243; disabled_on=&#8221;off|off|off&#8221; _builder_version=&#8221;4.24.0&#8243; _module_preset=&#8221;default&#8221; global_colors_info=&#8221;{}&#8221;][et_pb_button button_url=&#8221;@ET-DC@eyJkeW5hbWljIjp0cnVlLCJjb250ZW50IjoicG9zdF9saW5rX3VybF9wYWdlIiwic2V0dGluZ3MiOnsicG9zdF9pZCI6IjE1OTQiLCJlbmFibGVfaHRtbCI6Im9mZiJ9fQ==@&#8221; button_text=&#8221;I want to get involved&#8221; button_alignment=&#8221;center&#8221; _builder_version=&#8221;4.23.4&#8243; _dynamic_attributes=&#8221;button_url&#8221; _module_preset=&#8221;default&#8221; custom_button=&#8221;on&#8221; button_text_size=&#8221;14px&#8221; button_text_color=&#8221;#004784&#8243; button_bg_color=&#8221;#ffffff&#8221; button_border_width=&#8221;10px&#8221; button_border_color=&#8221;#00847d&#8221; button_border_radius=&#8221;8px&#8221; button_font=&#8221;|600|||||||&#8221; button_use_icon=&#8221;off&#8221; custom_padding=&#8221;12px|20px|12px|20px|true|true&#8221; button_text_size_last_edited=&#8221;off|desktop&#8221; custom_css_main_element=&#8221;width:100%;||text-align:center;&#8221; box_shadow_style=&#8221;preset2&#8243; box_shadow_vertical=&#8221;5px&#8221; box_shadow_color=&#8221;rgba(0,74,0,0.3)&#8221; saved_tabs=&#8221;all&#8221; locked=&#8221;off&#8221; global_colors_info=&#8221;{}&#8221; button_text_size__hover_enabled=&#8221;on|desktop&#8221; button_text_size__hover=&#8221;15px&#8221;][\/et_pb_button][\/et_pb_column_inner][\/et_pb_row_inner][\/et_pb_column][\/et_pb_section][et_pb_section fb_built=&#8221;1&#8243; _builder_version=&#8221;4.24.0&#8243; _module_preset=&#8221;default&#8221; background_color=&#8221;#95DACF&#8221; background_image=&#8221;http:\/\/justiceprobono.mywhc.ca\/wp-content\/uploads\/2024\/01\/vague-tet.svg&#8221; background_position=&#8221;top_center&#8221; vertical_offset=&#8221;0px&#8221; z_index=&#8221;500&#8243; min_height=&#8221;150px&#8221; min_height_tablet=&#8221;55px&#8221; min_height_phone=&#8221;30px&#8221; min_height_last_edited=&#8221;on|desktop&#8221; custom_margin=&#8221;0px||||false|false&#8221; custom_margin_tablet=&#8221;0px||||false|false&#8221; custom_margin_phone=&#8221;0px||||false|false&#8221; custom_margin_last_edited=&#8221;on|phone&#8221; background_color_tablet=&#8221;RGBA(255,255,255,0)&#8221; background_last_edited=&#8221;off|tablet&#8221; background_enable_color_tablet=&#8221;on&#8221; background_image_tablet=&#8221;http:\/\/justiceprobono.ca\/wp-content\/uploads\/2023\/09\/vague-interet-public.png&#8221; background_image_phone=&#8221;http:\/\/justiceprobono.ca\/wp-content\/uploads\/2023\/09\/vague-interet-public.png&#8221; background_enable_image_tablet=&#8221;on&#8221; background_enable_image_phone=&#8221;on&#8221; background_size_tablet=&#8221;contain&#8221; global_colors_info=&#8221;{}&#8221;][\/et_pb_section][et_pb_section fb_built=&#8221;1&#8243; custom_padding_last_edited=&#8221;on|phone&#8221; module_id=&#8221;section-info&#8221; _builder_version=&#8221;4.24.0&#8243; _module_preset=&#8221;default&#8221; background_image=&#8221;http:\/\/justiceprobono.ca\/wp-content\/uploads\/2023\/09\/Ellipse-6.png&#8221; background_size=&#8221;contain&#8221; background_position=&#8221;center_left&#8221; background_horizontal_offset=&#8221;-14%&#8221; vertical_offset=&#8221;0px&#8221; z_index=&#8221;500&#8243; custom_margin_tablet=&#8221;&#8221; custom_margin_phone=&#8221;-45px||95px||false|false&#8221; custom_margin_last_edited=&#8221;on|phone&#8221; custom_padding=&#8221;0vh||15vh||false|false&#8221; custom_padding_tablet=&#8221;0vh||8vh||false|false&#8221; custom_padding_phone=&#8221;0vh||8vh||false|false&#8221; global_colors_info=&#8221;{}&#8221;][et_pb_row custom_padding_last_edited=&#8221;on|desktop&#8221; _builder_version=&#8221;4.24.0&#8243; _module_preset=&#8221;default&#8221; max_width=&#8221;900px&#8221; custom_margin=&#8221;-20px||||false|false&#8221; custom_margin_tablet=&#8221;-20px||||false|false&#8221; custom_margin_phone=&#8221;-20px||||false|false&#8221; custom_margin_last_edited=&#8221;on|desktop&#8221; custom_padding=&#8221;0px||||false|false&#8221; custom_padding_tablet=&#8221;0px||||false|false&#8221; custom_padding_phone=&#8221;0px||||false|false&#8221; global_colors_info=&#8221;{}&#8221;][et_pb_column type=&#8221;4_4&#8243; _builder_version=&#8221;4.22.1&#8243; _module_preset=&#8221;default&#8221; global_colors_info=&#8221;{}&#8221;][et_pb_text _builder_version=&#8221;4.22.2&#8243; _module_preset=&#8221;default&#8221; custom_margin=&#8221;||10px||false|false&#8221; custom_padding=&#8221;0px||0px||false|false&#8221; global_colors_info=&#8221;{}&#8221;]<\/p>\n<p>Our team specialized in immigration law can answer your questions free of charge, anywhere in Qu\u00e9bec. Service is available in three languages (English, French and Spanish) from the following sources: <\/p>\n<p>[\/et_pb_text][et_pb_text _builder_version=&#8221;4.22.2&#8243; _module_preset=&#8221;default&#8221; custom_margin=&#8221;0px||10px||false|false&#8221; custom_padding=&#8221;0px||0px||false|false&#8221; global_colors_info=&#8221;{}&#8221;]<\/p>\n<ul>\n<li>WhatsApp : <a href=\"tel:438-337-6002\">438 337-6002<\/a><\/li>\n<li>Toll-free line: <a href=\"tel:1-866-999-4881\">1 866 999-4881<\/a><\/li>\n<li>Email: <a href=\"mailto:tet@justiceprobono.ca\">tet@justiceprobono.ca<\/a>\u00a0<\/li>\n<\/ul>\n<p>[\/et_pb_text][et_pb_text _builder_version=&#8221;4.22.2&#8243; _module_preset=&#8221;default&#8221; custom_margin=&#8221;0px||10px||false|false&#8221; custom_padding=&#8221;0px||0px||false|false&#8221; global_colors_info=&#8221;{}&#8221;]<\/p>\n<p>We also offer legal clinics, as well as meetings as part of cultural events.<br \/>For more information, please see our <a href=\"https:\/\/www.facebook.com\/justiceprobono\" target=\"_blank\" rel=\"noopener\">Facebook<\/a> page.<\/p>\n<p>[\/et_pb_text][et_pb_image src=&#8221;data:image\/svg+xml;base64,PHN2ZyB3aWR0aD0iMTA4MCIgaGVpZ2h0PSI1NDAiIHZpZXdCb3g9IjAgMCAxMDgwIDU0MCIgeG1sbnM9Imh0dHA6Ly93d3cudzMub3JnLzIwMDAvc3ZnIj4KICAgIDxnIGZpbGw9Im5vbmUiIGZpbGwtcnVsZT0iZXZlbm9kZCI+CiAgICAgICAgPHBhdGggZmlsbD0iI0VCRUJFQiIgZD0iTTAgMGgxMDgwdjU0MEgweiIvPgogICAgICAgIDxwYXRoIGQ9Ik00NDUuNjQ5IDU0MGgtOTguOTk1TDE0NC42NDkgMzM3Ljk5NSAwIDQ4Mi42NDR2LTk4Ljk5NWwxMTYuMzY1LTExNi4zNjVjMTUuNjItMTUuNjIgNDAuOTQ3LTE1LjYyIDU2LjU2OCAwTDQ0NS42NSA1NDB6IiBmaWxsLW9wYWNpdHk9Ii4xIiBmaWxsPSIjMDAwIiBmaWxsLXJ1bGU9Im5vbnplcm8iLz4KICAgICAgICA8Y2lyY2xlIGZpbGwtb3BhY2l0eT0iLjA1IiBmaWxsPSIjMDAwIiBjeD0iMzMxIiBjeT0iMTQ4IiByPSI3MCIvPgogICAgICAgIDxwYXRoIGQ9Ik0xMDgwIDM3OXYxMTMuMTM3TDcyOC4xNjIgMTQwLjMgMzI4LjQ2MiA1NDBIMjE1LjMyNEw2OTkuODc4IDU1LjQ0NmMxNS42Mi0xNS42MiA0MC45NDgtMTUuNjIgNTYuNTY4IDBMMTA4MCAzNzl6IiBmaWxsLW9wYWNpdHk9Ii4yIiBmaWxsPSIjMDAwIiBmaWxsLXJ1bGU9Im5vbnplcm8iLz4KICAgIDwvZz4KPC9zdmc+Cg==&#8221; disabled_on=&#8221;on|on|on&#8221; _builder_version=&#8221;4.22.1&#8243; _module_preset=&#8221;default&#8221; disabled=&#8221;on&#8221; global_colors_info=&#8221;{}&#8221;][\/et_pb_image][\/et_pb_column][\/et_pb_row][et_pb_row disabled_on=&#8221;on|on|on&#8221; _builder_version=&#8221;4.24.0&#8243; _module_preset=&#8221;default&#8221; background_color=&#8221;#FFDA93&#8243; max_width=&#8221;900px&#8221; custom_margin=&#8221;50px||||false|false&#8221; custom_padding=&#8221;40px|40px|40px|40px|true|true&#8221; disabled=&#8221;on&#8221; saved_tabs=&#8221;all&#8221; locked=&#8221;off&#8221; global_colors_info=&#8221;{}&#8221;][et_pb_column type=&#8221;4_4&#8243; _builder_version=&#8221;4.22.1&#8243; _module_preset=&#8221;default&#8221; global_colors_info=&#8221;{}&#8221;][et_pb_text _builder_version=&#8221;4.24.0&#8243; _module_preset=&#8221;default&#8221; text_text_color=&#8221;#272D31&#8243; text_font_size=&#8221;15px&#8221; custom_padding=&#8221;||||false|false&#8221; animation_style=&#8221;fade&#8221; global_colors_info=&#8221;{}&#8221;]<\/p>\n<p><span style=\"color: #272d31;\"><strong>Pour \u00eatre admissible \u00e0 nos services juridiques b\u00e9n\u00e9voles, vous devez respecter nos trois crit\u00e8res d&#8217;admissibilit\u00e9:<\/strong><\/span><\/p>\n<p><span style=\"color: #272d31;\"><strong><\/strong><\/span><\/p>\n<ol>\n<li><span style=\"color: #272d31;\"><span style=\"color: #272d31;\">Ne pas \u00eatre admissible \u00e0 l\u2019<a aria-label=\"Lien aide juridique\" href=\"https:\/\/www.csj.qc.ca\/commission-des-services-juridiques\/aide-juridique\/volet-gratuit-aj\/fr\" rel=\"noreferrer noopener\" target=\"_blank\" class=\"fui-Link ___1rxvrpe f2hkw1w f3rmtva f1ewtqcl fyind8e f1k6fduh f1w7gpdv fk6fouc fjoy568 figsok6 f1hu3pq6 f11qmguv f19f4twv f1tyq0we f1g0x7ka fhxju0i f1qch9an f1cnd47f fqv5qza f1vmzxwi f1o700av f13mvf36 f1cmlufx f9n3di6 f1ids18y f1tx3yz7 f1deo86v f1eh06m1 f1iescvh fhgqx19 f1olyrje f1p93eir f1nev41a f1h8hb77 f1lqvz6u f10aw75t fsle3fq f17ae5zn\" title=\"https:\/\/www.csj.qc.ca\/commission-des-services-juridiques\/aide-juridique\/volet-gratuit-aj\/fr\" style=\"color: #272d31;\">aide juridique;<\/a><\/span><\/span><span style=\"color: #272d31;\"><span style=\"color: #272d31;\"><\/span><\/span><span style=\"color: #272d31;\"><span style=\"color: #272d31;\"><\/span><\/span><span style=\"color: #272d31;\"><span style=\"color: #272d31;\"><\/span><\/span><span style=\"color: #272d31;\"><span style=\"color: #272d31;\"><\/span><\/span><span style=\"color: #272d31;\"><span style=\"color: #272d31;\"><\/span><\/span><\/li>\n<li><span style=\"color: #272d31;\"><span style=\"color: #272d31;\">Incapacit\u00e9 ou grande difficult\u00e9 \u00e0 payer les services d\u2019un\u00b7e avocat\u00b7e ou d\u2019un\u00b7e notaire;<\/span><\/span><span style=\"color: #272d31;\"><\/span><span style=\"color: #272d31;\"><span style=\"color: #272d31;\"><\/span><\/span><span style=\"color: #272d31;\"><span style=\"color: #272d31;\"><\/span><\/span><span style=\"color: #272d31;\"><\/span><\/li>\n<li><span style=\"color: #272d31;\">Tort irr\u00e9parable ou grave en l\u2019absence de services juridiques, par exemple :<\/span><span style=\"color: #272d31;\"><br \/><\/span>\n<ul>\n<li style=\"text-align: left;\"><span style=\"color: #272d31;\">Blessures permanentes;<\/span><\/li>\n<li style=\"text-align: left;\"><span style=\"color: #272d31;\">Perte d\u2019un emploi;<\/span><\/li>\n<li style=\"text-align: left;\"><span style=\"color: #272d31;\">Perte d\u2019un enfant;<\/span><\/li>\n<li style=\"text-align: left;\"><span style=\"color: #272d31;\">Perte d\u2019un logement.<\/span><\/li>\n<\/ul>\n<\/li>\n<\/ol>\n<p>[\/et_pb_text][\/et_pb_column][\/et_pb_row][\/et_pb_section]<\/p>\n","protected":false},"excerpt":{"rendered":"<p>Our programs Temporary foreign workersAre you a temporary foreign worker (TFW) and the holder of a closed work permit? Would you like to know more about your rights and obtain legal information? Our team specialized in immigration law can answer your questions free of charge, anywhere in Qu\u00e9bec. Service is available in three languages (English, [&hellip;]<\/p>\n","protected":false},"author":1,"featured_media":0,"parent":0,"menu_order":0,"comment_status":"closed","ping_status":"closed","template":"","meta":{"_et_pb_use_builder":"on","_et_pb_old_content":"","_et_gb_content_width":"","inline_featured_image":false,"footnotes":""},"_links":{"self":[{"href":"https:\/\/justiceprobono.ca\/en\/wp-json\/wp\/v2\/pages\/2230"}],"collection":[{"href":"https:\/\/justiceprobono.ca\/en\/wp-json\/wp\/v2\/pages"}],"about":[{"href":"https:\/\/justiceprobono.ca\/en\/wp-json\/wp\/v2\/types\/page"}],"author":[{"embeddable":true,"href":"https:\/\/justiceprobono.ca\/en\/wp-json\/wp\/v2\/users\/1"}],"replies":[{"embeddable":true,"href":"https:\/\/justiceprobono.ca\/en\/wp-json\/wp\/v2\/comments?post=2230"}],"version-history":[{"count":57,"href":"https:\/\/justiceprobono.ca\/en\/wp-json\/wp\/v2\/pages\/2230\/revisions"}],"predecessor-version":[{"id":4175,"href":"https:\/\/justiceprobono.ca\/en\/wp-json\/wp\/v2\/pages\/2230\/revisions\/4175"}],"wp:attachment":[{"href":"https:\/\/justiceprobono.ca\/en\/wp-json\/wp\/v2\/media?parent=2230"}],"curies":[{"name":"wp","href":"https:\/\/api.w.org\/{rel}","templated":true}]}}