{"id":2329,"date":"2023-09-25T16:21:32","date_gmt":"2023-09-25T16:21:32","guid":{"rendered":"https:\/\/justiceprobono.mywhc.ca\/general-assistance-request\/"},"modified":"2024-04-05T11:17:36","modified_gmt":"2024-04-05T11:17:36","slug":"general-assistance-request","status":"publish","type":"page","link":"https:\/\/justiceprobono.ca\/en\/general-assistance-request\/","title":{"rendered":"General Assistance request"},"content":{"rendered":"<p>[et_pb_section fb_built=&#8221;1&#8243; specialty=&#8221;on&#8221; custom_padding_last_edited=&#8221;on|tablet&#8221; module_class=&#8221;hero-style&#8221; _builder_version=&#8221;4.24.0&#8243; _module_preset=&#8221;default&#8221; background_color=&#8221;#c1e1ee&#8221; background_image=&#8221;http:\/\/justiceprobono.ca\/wp-content\/uploads\/2023\/09\/hero-interet-public-1.png&#8221; background_size=&#8221;custom&#8221; background_image_width=&#8221;18%&#8221; background_position=&#8221;top_right&#8221; background_horizontal_offset=&#8221;0%&#8221; background_vertical_offset=&#8221;18%&#8221; custom_padding=&#8221;||3vh||false|false&#8221; custom_padding_tablet=&#8221;||10vh||false|false&#8221; custom_padding_phone=&#8221;3vh||2vh||false|false&#8221; hover_enabled=&#8221;0&#8243; background_last_edited=&#8221;on|tablet&#8221; background_image_phone=&#8221;http:\/\/justiceprobono.mywhc.ca\/wp-content\/uploads\/2023\/09\/hero-interet-public-1.png&#8221; background_enable_image_phone=&#8221;on&#8221; background_image_width_phone=&#8221;24%&#8221; background_position_phone=&#8221;top_left&#8221; background_horizontal_offset_phone=&#8221;0%&#8221; background_vertical_offset_phone=&#8221;0%&#8221; background_blend_phone=&#8221;normal&#8221; locked=&#8221;off&#8221; global_colors_info=&#8221;{}&#8221; sticky_enabled=&#8221;0&#8243;][et_pb_column type=&#8221;1_3&#8243; _builder_version=&#8221;4.16&#8243; custom_padding=&#8221;|||&#8221; global_colors_info=&#8221;{}&#8221; custom_padding__hover=&#8221;|||&#8221;][et_pb_text disabled_on=&#8221;on|on|off&#8221; _builder_version=&#8221;4.23.4&#8243; _module_preset=&#8221;default&#8221; text_font=&#8221;|800|||||||&#8221; text_text_color=&#8221;#004784&#8243; text_font_size=&#8221;18px&#8221; header_font=&#8221;|700|||||||&#8221; header_text_color=&#8221;#004784&#8243; background_color=&#8221;rgba(255,255,255,0.61)&#8221; width=&#8221;300px&#8221; width_tablet=&#8221;80%&#8221; width_phone=&#8221;80%&#8221; width_last_edited=&#8221;off|desktop&#8221; min_height_tablet=&#8221;&#8221; min_height_phone=&#8221;&#8221; min_height_last_edited=&#8221;on|tablet&#8221; custom_margin=&#8221;0px||0px||false|false&#8221; custom_padding=&#8221;19px|20px|0px|20px|false|true&#8221; custom_padding_tablet=&#8221;20px|20px|20px|20px|true|true&#8221; custom_padding_phone=&#8221;20px|20px|20px|20px|true|true&#8221; custom_padding_last_edited=&#8221;on|tablet&#8221; global_module=&#8221;377&#8243; saved_tabs=&#8221;all&#8221; global_colors_info=&#8221;{}&#8221; custom_css_main_element_last_edited=&#8221;off|phone&#8221; custom_css_main_element_tablet=&#8221;display:inline-block;&#8221; custom_css_main_element_phone=&#8221;display:inline-block;&#8221;]<\/p>\n<p>Nos programmes<\/p>\n<p>[\/et_pb_text][et_pb_menu menu_id=&#8221;10&#8243; active_link_color=&#8221;#004784&#8243; dropdown_menu_line_color=&#8221;#004784&#8243; dropdown_menu_active_link_color=&#8221;#00847D&#8221; menu_icon_color=&#8221;#004784&#8243; active_link_color_tablet=&#8221;#F08F95&#8243; active_link_color_phone=&#8221;#F08F95&#8243; active_link_color_last_edited=&#8221;on|tablet&#8221; mobile_menu_bg_color_tablet=&#8221;#ffffff&#8221; mobile_menu_bg_color_phone=&#8221;#ffffff&#8221; mobile_menu_bg_color_last_edited=&#8221;on|tablet&#8221; disabled_on=&#8221;on|on|off&#8221; module_id=&#8221;menu-projets&#8221; module_class=&#8221;menu-projets-anglais&#8221; _builder_version=&#8221;4.24.0&#8243; _module_preset=&#8221;default&#8221; menu_font=&#8221;||||||||&#8221; menu_text_color=&#8221;#004784&#8243; menu_line_height=&#8221;1.1em&#8221; background_color=&#8221;rgba(255,255,255,0.61)&#8221; width=&#8221;300px&#8221; width_tablet=&#8221;100%&#8221; width_phone=&#8221;100%&#8221; width_last_edited=&#8221;on|phone&#8221; height_last_edited=&#8221;off|desktop&#8221; custom_margin=&#8221;||||false|false&#8221; custom_margin_tablet=&#8221;0px|0px|0px||false|false&#8221; custom_margin_phone=&#8221;0px|0px|0px||false|false&#8221; custom_margin_last_edited=&#8221;on|tablet&#8221; custom_padding=&#8221;10px|20px|20px|20px|false|false&#8221; custom_padding_tablet=&#8221;20px|0px|20px|0px|true|false&#8221; custom_padding_phone=&#8221;10px|0px|10px|0px|true|false&#8221; custom_padding_last_edited=&#8221;on|tablet&#8221; menu_line_height_tablet=&#8221;2.1em&#8221; menu_line_height_phone=&#8221;1.7em&#8221; menu_line_height_last_edited=&#8221;on|desktop&#8221; background_color_phone=&#8221;rgba(255,255,255,0.82)&#8221; background_last_edited=&#8221;on|phone&#8221; background_enable_color_phone=&#8221;on&#8221; custom_css_menu_link=&#8221;padding:5% 0 5% 0 ;&#8221; custom_css_active_menu_link=&#8221;\t\t&#8221; global_module=&#8221;376&#8243; saved_tabs=&#8221;all&#8221; locked=&#8221;off&#8221; global_colors_info=&#8221;{}&#8221; custom_css_main_element_last_edited=&#8221;off|desktop&#8221; custom_css_main_element_tablet=&#8221;display:inline-block;&#8221; custom_css_main_element_phone=&#8221;display:inline-block;&#8221;][\/et_pb_menu][\/et_pb_column][et_pb_column type=&#8221;2_3&#8243; specialty_columns=&#8221;2&#8243; _builder_version=&#8221;4.16&#8243; custom_padding=&#8221;|||&#8221; global_colors_info=&#8221;{}&#8221; custom_padding__hover=&#8221;|||&#8221;][et_pb_row_inner _builder_version=&#8221;4.22.1&#8243; _module_preset=&#8221;default&#8221; global_colors_info=&#8221;{}&#8221;][et_pb_column_inner saved_specialty_column_type=&#8221;2_3&#8243; _builder_version=&#8221;4.22.1&#8243; _module_preset=&#8221;default&#8221; global_colors_info=&#8221;{}&#8221;][et_pb_text _builder_version=&#8221;4.22.2&#8243; _module_preset=&#8221;0d3a8bee-325a-42fa-a8e7-0d44e97f6db6&#8243; header_font_size_tablet=&#8221;&#8221; header_font_size_phone=&#8221;&#8221; header_font_size_last_edited=&#8221;on|tablet&#8221; global_colors_info=&#8221;{}&#8221;]<\/p>\n<h1>General Assistance request<\/h1>\n<p>[\/et_pb_text][et_pb_text _builder_version=&#8221;4.23.4&#8243; _module_preset=&#8221;29adeaca-db3d-413e-b87d-d28d7df47cb2&#8243; global_colors_info=&#8221;{}&#8221;]<\/p>\n<p>Do you need to be represented by a lawyer or notary, but lack the <a href=\"https:\/\/www.csj.qc.ca\/commission-des-services-juridiques\/aide-juridique\/volet-gratuit-aj\/fr\">financial means<\/a>?<\/p>\n<p>Our General Assistance Program is a true lifesaver for people in precarious financial situations. It\u2019s available everywhere in the province and covers various areas of law. <\/p>\n<p>If your application is deemed eligible, the Justice Pro Bono team will do all it can to find a lawyer, notary or law firm that can offer you legal services free of charge.<\/p>\n<p>[\/et_pb_text][\/et_pb_column_inner][\/et_pb_row_inner][et_pb_row_inner column_structure=&#8221;1_2,1_2&#8243; use_custom_gutter=&#8221;on&#8221; gutter_width=&#8221;2&#8243; _builder_version=&#8221;4.23.4&#8243; _module_preset=&#8221;default&#8221; custom_padding=&#8221;||||false|false&#8221; global_colors_info=&#8221;{}&#8221;][et_pb_column_inner type=&#8221;1_2&#8243; saved_specialty_column_type=&#8221;2_3&#8243; _builder_version=&#8221;4.22.1&#8243; _module_preset=&#8221;default&#8221; global_colors_info=&#8221;{}&#8221;][et_pb_button button_url=&#8221;https:\/\/form.jotform.com\/231365448409258&#8243; url_new_window=&#8221;on&#8221; button_text=&#8221;I am looking for assistance&#8221; button_alignment=&#8221;center&#8221; _builder_version=&#8221;4.24.0&#8243; _module_preset=&#8221;default&#8221; custom_button=&#8221;on&#8221; button_text_size=&#8221;14px&#8221; button_text_color=&#8221;#004784&#8243; button_bg_color=&#8221;#ffffff&#8221; button_border_width=&#8221;10px&#8221; button_border_color=&#8221;#FFDA93&#8243; button_border_radius=&#8221;8px&#8221; button_font=&#8221;|600|||||||&#8221; button_use_icon=&#8221;off&#8221; custom_padding=&#8221;12px|20px|12px|20px|true|true&#8221; custom_css_main_element=&#8221;width:100%;||text-align:center;&#8221; box_shadow_style=&#8221;preset2&#8243; box_shadow_vertical=&#8221;5px&#8221; box_shadow_color=&#8221;rgba(155,94,0,0.47)&#8221; global_module=&#8221;606&#8243; saved_tabs=&#8221;all&#8221; global_colors_info=&#8221;{}&#8221; button_text_size__hover_enabled=&#8221;on|hover&#8221; button_text_size__hover=&#8221;16px&#8221;][\/et_pb_button][\/et_pb_column_inner][et_pb_column_inner type=&#8221;1_2&#8243; saved_specialty_column_type=&#8221;2_3&#8243; _builder_version=&#8221;4.22.1&#8243; _module_preset=&#8221;default&#8221; global_colors_info=&#8221;{}&#8221;][et_pb_button button_url=&#8221;@ET-DC@eyJkeW5hbWljIjp0cnVlLCJjb250ZW50IjoicG9zdF9saW5rX3VybF9wYWdlIiwic2V0dGluZ3MiOnsicG9zdF9pZCI6IjE1OTQiLCJlbmFibGVfaHRtbCI6Im9mZiJ9fQ==@&#8221; button_text=&#8221;I want to get involved&#8221; button_alignment=&#8221;center&#8221; _builder_version=&#8221;4.23.4&#8243; _dynamic_attributes=&#8221;button_url&#8221; _module_preset=&#8221;default&#8221; custom_button=&#8221;on&#8221; button_text_size=&#8221;14px&#8221; button_text_color=&#8221;#004784&#8243; button_bg_color=&#8221;#ffffff&#8221; button_border_width=&#8221;10px&#8221; button_border_color=&#8221;#00847d&#8221; button_border_radius=&#8221;8px&#8221; button_font=&#8221;|600|||||||&#8221; button_use_icon=&#8221;off&#8221; custom_padding=&#8221;12px|20px|12px|20px|true|true&#8221; button_text_size_last_edited=&#8221;off|desktop&#8221; custom_css_main_element=&#8221;width:100%;||text-align:center;&#8221; box_shadow_style=&#8221;preset2&#8243; box_shadow_vertical=&#8221;5px&#8221; box_shadow_color=&#8221;rgba(0,74,0,0.3)&#8221; global_module=&#8221;607&#8243; saved_tabs=&#8221;all&#8221; locked=&#8221;off&#8221; global_colors_info=&#8221;{}&#8221; button_text_size__hover_enabled=&#8221;on|desktop&#8221; button_text_size__hover=&#8221;15px&#8221;][\/et_pb_button][\/et_pb_column_inner][\/et_pb_row_inner][\/et_pb_column][\/et_pb_section][et_pb_section fb_built=&#8221;1&#8243; disabled_on=&#8221;off|off|off&#8221; _builder_version=&#8221;4.23.4&#8243; _module_preset=&#8221;default&#8221; background_color=&#8221;#c1e1ee&#8221; background_image=&#8221;http:\/\/justiceprobono.mywhc.ca\/wp-content\/uploads\/2024\/01\/vague-interet-public.svg&#8221; min_height=&#8221;200px&#8221; min_height_tablet=&#8221;300px&#8221; min_height_phone=&#8221;30px&#8221; min_height_last_edited=&#8221;on|phone&#8221; custom_margin=&#8221;||0px||false|false&#8221; custom_padding=&#8221;||0px||false|false&#8221; global_colors_info=&#8221;{}&#8221;][\/et_pb_section][et_pb_section fb_built=&#8221;1&#8243; custom_padding_last_edited=&#8221;on|phone&#8221; _builder_version=&#8221;4.24.0&#8243; _module_preset=&#8221;default&#8221; background_image=&#8221;http:\/\/justiceprobono.ca\/wp-content\/uploads\/2023\/09\/Ellipse-6.png&#8221; background_size=&#8221;contain&#8221; background_position=&#8221;center_left&#8221; background_horizontal_offset=&#8221;-14%&#8221; custom_margin=&#8221;-30px||||false|false&#8221; custom_margin_tablet=&#8221;0px||||false|false&#8221; custom_margin_phone=&#8221;||95px||false|false&#8221; custom_margin_last_edited=&#8221;on|phone&#8221; custom_padding=&#8221;0px||15vh||false|false&#8221; custom_padding_tablet=&#8221;0vh||8vh||false|false&#8221; custom_padding_phone=&#8221;0vh||12vh||false|false&#8221; global_colors_info=&#8221;{}&#8221;][et_pb_row _builder_version=&#8221;4.23.4&#8243; _module_preset=&#8221;51dfdb9e-61f2-4c6f-8d36-b113c93353d6&#8243; custom_margin_phone=&#8221;0px||||false|false&#8221; custom_margin_last_edited=&#8221;off|phone&#8221; custom_padding=&#8221;0px||||false|false&#8221; global_colors_info=&#8221;{}&#8221;][et_pb_column type=&#8221;4_4&#8243; _builder_version=&#8221;4.22.1&#8243; _module_preset=&#8221;default&#8221; global_colors_info=&#8221;{}&#8221;][et_pb_slider _builder_version=&#8221;4.23.4&#8243; _module_preset=&#8221;399650a1-65e8-4f4f-9ac0-0e639efbad36&#8243; custom_css_main_element=&#8221;text-shadow:none;&#8221; custom_css_slide_description=&#8221;text-shadow:none;&#8221; custom_css_slide_title=&#8221;text-shadow:none;&#8221; global_colors_info=&#8221;{}&#8221;][et_pb_slide heading=&#8221;Thanks for everything!&#8221; image=&#8221;http:\/\/justiceprobono.ca\/wp-content\/uploads\/2023\/09\/hero-interet-public.png&#8221; arrows_custom_color=&#8221;#F08F95&#8243; dot_nav_custom_color=&#8221;#F08F95&#8243; _builder_version=&#8221;4.22.2&#8243; _module_preset=&#8221;default&#8221; header_font=&#8221;|300|||||||&#8221; header_text_color=&#8221;#293F4F&#8221; header_font_size=&#8221;20px&#8221; body_text_color=&#8221;#293F4F&#8221; body_font_size=&#8221;15px&#8221; background_enable_color=&#8221;off&#8221; text_orientation=&#8221;left&#8221; width=&#8221;83%&#8221; max_width=&#8221;100%&#8221; global_colors_info=&#8221;{}&#8221; sticky_transition=&#8221;on&#8221;]<\/p>\n<p><span style=\"font-weight: 400;\">\u201cI\u2019m so happy that I\u2019m crying tears of joy as I write this! All I can say is thank you, thank you, thank you from the bottom of my heart.\u201d \u2013 Val\u00e9rie<\/span><\/p>\n<p>[\/et_pb_slide][et_pb_slide heading=&#8221;Thanks for everything!&#8221; image=&#8221;http:\/\/justiceprobono.ca\/wp-content\/uploads\/2023\/09\/hero-interet-public.png&#8221; arrows_custom_color=&#8221;#F08F95&#8243; dot_nav_custom_color=&#8221;#F08F95&#8243; _builder_version=&#8221;4.22.2&#8243; _module_preset=&#8221;default&#8221; header_font=&#8221;|300|||||||&#8221; header_text_color=&#8221;#293F4F&#8221; header_font_size=&#8221;20px&#8221; body_text_color=&#8221;#293F4F&#8221; body_font_size=&#8221;15px&#8221; background_enable_color=&#8221;off&#8221; text_orientation=&#8221;left&#8221; width=&#8221;83%&#8221; max_width=&#8221;100%&#8221; global_colors_info=&#8221;{}&#8221; sticky_transition=&#8221;on&#8221;]<\/p>\n<p>\u201cThis is wonderful news! We are so grateful for how quickly and efficiently everything was taken care of. We are eagerly awaiting the confirmation letter. Thank you very much indeed.\u201d \u2013 Non-profit organization<\/p>\n<p>[\/et_pb_slide][et_pb_slide heading=&#8221;Thanks for everything!&#8221; image=&#8221;http:\/\/justiceprobono.ca\/wp-content\/uploads\/2023\/09\/hero-interet-public.png&#8221; arrows_custom_color=&#8221;#F08F95&#8243; dot_nav_custom_color=&#8221;#F08F95&#8243; _builder_version=&#8221;4.22.2&#8243; _module_preset=&#8221;default&#8221; header_font=&#8221;|300|||||||&#8221; header_text_color=&#8221;#293F4F&#8221; header_font_size=&#8221;20px&#8221; body_text_color=&#8221;#293F4F&#8221; body_font_size=&#8221;15px&#8221; background_enable_color=&#8221;off&#8221; text_orientation=&#8221;left&#8221; width=&#8221;83%&#8221; max_width=&#8221;100%&#8221; global_colors_info=&#8221;{}&#8221; sticky_transition=&#8221;on&#8221;]<\/p>\n<p>\u00ab I would like to deeply thank you for your encouragement, patience, hospitality and support for such a long time and would like to thank you also and your team for the unwavering assistance understanding my situation your team did not stop for whatever resources help can made to me, your support has brightened me and your kindness will forever remain in my heart, I really appreciate all for making me better and stand fight for myself and my kids. \u00bb &#8211; Julia<\/p>\n<p>[\/et_pb_slide][\/et_pb_slider][\/et_pb_column][\/et_pb_row][et_pb_row disabled_on=&#8221;on|on|on&#8221; _builder_version=&#8221;4.24.0&#8243; _module_preset=&#8221;default&#8221; background_color=&#8221;#FFDA93&#8243; max_width=&#8221;900px&#8221; custom_margin=&#8221;50px||||false|false&#8221; custom_padding=&#8221;40px|40px|40px|40px|true|true&#8221; disabled=&#8221;on&#8221; global_module=&#8221;769&#8243; saved_tabs=&#8221;all&#8221; locked=&#8221;off&#8221; global_colors_info=&#8221;{}&#8221;][et_pb_column type=&#8221;4_4&#8243; _builder_version=&#8221;4.22.1&#8243; _module_preset=&#8221;default&#8221; global_colors_info=&#8221;{}&#8221;][et_pb_text _builder_version=&#8221;4.24.0&#8243; _module_preset=&#8221;default&#8221; text_text_color=&#8221;#272D31&#8243; text_font_size=&#8221;15px&#8221; custom_padding=&#8221;||||false|false&#8221; animation_style=&#8221;fade&#8221; global_colors_info=&#8221;{}&#8221;]<\/p>\n<p><span style=\"color: #272d31;\"><strong>Pour \u00eatre admissible \u00e0 nos services juridiques b\u00e9n\u00e9voles, vous devez respecter nos trois crit\u00e8res d&#8217;admissibilit\u00e9:<\/strong><\/span><\/p>\n<p><span style=\"color: #272d31;\"><strong><\/strong><\/span><\/p>\n<ol>\n<li><span style=\"color: #272d31;\"><span style=\"color: #272d31;\">Ne pas \u00eatre admissible \u00e0 l\u2019<a aria-label=\"Lien aide juridique\" href=\"https:\/\/www.csj.qc.ca\/commission-des-services-juridiques\/aide-juridique\/volet-gratuit-aj\/fr\" rel=\"noreferrer noopener\" target=\"_blank\" class=\"fui-Link ___1rxvrpe f2hkw1w f3rmtva f1ewtqcl fyind8e f1k6fduh f1w7gpdv fk6fouc fjoy568 figsok6 f1hu3pq6 f11qmguv f19f4twv f1tyq0we f1g0x7ka fhxju0i f1qch9an f1cnd47f fqv5qza f1vmzxwi f1o700av f13mvf36 f1cmlufx f9n3di6 f1ids18y f1tx3yz7 f1deo86v f1eh06m1 f1iescvh fhgqx19 f1olyrje f1p93eir f1nev41a f1h8hb77 f1lqvz6u f10aw75t fsle3fq f17ae5zn\" title=\"https:\/\/www.csj.qc.ca\/commission-des-services-juridiques\/aide-juridique\/volet-gratuit-aj\/fr\" style=\"color: #272d31;\">aide juridique;<\/a><\/span><\/span><span style=\"color: #272d31;\"><span style=\"color: #272d31;\"><\/span><\/span><span style=\"color: #272d31;\"><span style=\"color: #272d31;\"><\/span><\/span><span style=\"color: #272d31;\"><span style=\"color: #272d31;\"><\/span><\/span><span style=\"color: #272d31;\"><span style=\"color: #272d31;\"><\/span><\/span><span style=\"color: #272d31;\"><span style=\"color: #272d31;\"><\/span><\/span><\/li>\n<li><span style=\"color: #272d31;\"><span style=\"color: #272d31;\">Incapacit\u00e9 ou grande difficult\u00e9 \u00e0 payer les services d\u2019un\u00b7e avocat\u00b7e ou d\u2019un\u00b7e notaire;<\/span><\/span><span style=\"color: #272d31;\"><\/span><span style=\"color: #272d31;\"><span style=\"color: #272d31;\"><\/span><\/span><span style=\"color: #272d31;\"><span style=\"color: #272d31;\"><\/span><\/span><span style=\"color: #272d31;\"><\/span><\/li>\n<li><span style=\"color: #272d31;\">Tort irr\u00e9parable ou grave en l\u2019absence de services juridiques, par exemple :<\/span><span style=\"color: #272d31;\"><br \/><\/span>\n<ul>\n<li style=\"text-align: left;\"><span style=\"color: #272d31;\">Blessures permanentes;<\/span><\/li>\n<li style=\"text-align: left;\"><span style=\"color: #272d31;\">Perte d\u2019un emploi;<\/span><\/li>\n<li style=\"text-align: left;\"><span style=\"color: #272d31;\">Perte d\u2019un enfant;<\/span><\/li>\n<li style=\"text-align: left;\"><span style=\"color: #272d31;\">Perte d\u2019un logement.<\/span><\/li>\n<\/ul>\n<\/li>\n<\/ol>\n<p>[\/et_pb_text][\/et_pb_column][\/et_pb_row][\/et_pb_section]<\/p>\n","protected":false},"excerpt":{"rendered":"<p>Nos programmes General Assistance requestDo you need to be represented by a lawyer or notary, but lack the financial means? Our General Assistance Program is a true lifesaver for people in precarious financial situations. It\u2019s available everywhere in the province and covers various areas of law. If your application is deemed eligible, the Justice Pro [&hellip;]<\/p>\n","protected":false},"author":1,"featured_media":0,"parent":0,"menu_order":0,"comment_status":"closed","ping_status":"closed","template":"","meta":{"_et_pb_use_builder":"on","_et_pb_old_content":"","_et_gb_content_width":"","inline_featured_image":false,"footnotes":""},"_links":{"self":[{"href":"https:\/\/justiceprobono.ca\/en\/wp-json\/wp\/v2\/pages\/2329"}],"collection":[{"href":"https:\/\/justiceprobono.ca\/en\/wp-json\/wp\/v2\/pages"}],"about":[{"href":"https:\/\/justiceprobono.ca\/en\/wp-json\/wp\/v2\/types\/page"}],"author":[{"embeddable":true,"href":"https:\/\/justiceprobono.ca\/en\/wp-json\/wp\/v2\/users\/1"}],"replies":[{"embeddable":true,"href":"https:\/\/justiceprobono.ca\/en\/wp-json\/wp\/v2\/comments?post=2329"}],"version-history":[{"count":88,"href":"https:\/\/justiceprobono.ca\/en\/wp-json\/wp\/v2\/pages\/2329\/revisions"}],"predecessor-version":[{"id":3921,"href":"https:\/\/justiceprobono.ca\/en\/wp-json\/wp\/v2\/pages\/2329\/revisions\/3921"}],"wp:attachment":[{"href":"https:\/\/justiceprobono.ca\/en\/wp-json\/wp\/v2\/media?parent=2329"}],"curies":[{"name":"wp","href":"https:\/\/api.w.org\/{rel}","templated":true}]}}